{"id":1648,"date":"2020-03-21T13:56:59","date_gmt":"2020-03-21T13:56:59","guid":{"rendered":"https:\/\/www.rhs-und-pferde.at\/?page_id=1648"},"modified":"2020-03-26T11:27:17","modified_gmt":"2020-03-26T11:27:17","slug":"one-page-express-pro","status":"publish","type":"page","link":"https:\/\/www.rhs-und-pferde.at\/","title":{"rendered":"Front Page"},"content":{"rendered":"<div  data-label=\"Overlapable\" data-id=\"stripped-about-four-boxes-section-3\" data-category=\"overlapable\" class=\"stripped-about-four-boxes-section stripped-about-four-boxes-section-3\" data-overlap=\"true\" id=\"overlapable-3\" style=\"background-color: rgb(255, 255, 255);\"> <div  class=\"gridContainer\"> <div  class=\"about-four-boxes-innerrow flexbox-list\"> <div  class=\"about-four-boxes-imgcol\" data-bg=\"image\" style=\"background-image: url(&quot;https:\/\/www.rhs-und-pferde.at\/wp-content\/uploads\/2018\/05\/winter20161-576x1024-1.jpg&quot;);\"><\/div> <div  class=\"about-four-boxes-textcol\" data-type=\"column\"> <h6  class=\"\">Pferdeparadies<\/h6> <h2  class=\"\">Gl\u00f6cklhof\n<br >Pichl&nbsp;<\/h2> <p  class=\"\">Offenstall Herdenhaltung&nbsp;\n<br >auf 15ha Weideland\n<br >in der Buckligen Welt<\/p> <\/div> <div  class=\"about-four-boxes-textcol\" data-type=\"column\"> <h6  class=\"\"><\/h6>  <p  class=\"\">Im Sommer sind die Pferde auf den Umtriebskoppeln unterwegs. \n<br ><br >Im Winter gibts nat\u00fcrlich 24 h Heu , im gro\u00dfen Laufstall wird Stroh eingestreut&nbsp;<br >Reitplatz, Longierhalle, St\u00fcberl, Sattelkammer&nbsp;,\u2026. alles da <img decoding=\"async\"  draggable=\"false\" role=\"img\" class=\"emoji\" alt=\"\ud83d\ude09\" src=\"https:\/\/s.w.org\/images\/core\/emoji\/12.0.0-1\/svg\/1f609.svg\"><\/p> <\/div> <div  class=\"about-four-boxes-imgcol2\" data-bg=\"image\" style=\"background-image: url(&quot;https:\/\/www.rhs-und-pferde.at\/wp-content\/uploads\/2018\/05\/Gl%E2%94%9C%C3%82cklhof_13-464x270.jpg&quot;);\"><\/div> <\/div> <\/div><\/div>","protected":false},"excerpt":{"rendered":"<p>Pferdeparadies Gl\u00f6cklhof Pichl&nbsp; Offenstall Herdenhaltung&nbsp; auf 15ha Weideland in der Buckligen Welt Im Sommer sind die Pferde auf den Umtriebskoppeln unterwegs. Im Winter gibts nat\u00fcrlich 24 h Heu , im gro\u00dfen Laufstall wird Stroh eingestreut&nbsp;Reitplatz, Longierhalle, St\u00fcberl, Sattelkammer&nbsp;,\u2026. alles da<\/p>\n","protected":false},"author":2,"featured_media":0,"parent":0,"menu_order":0,"comment_status":"closed","ping_status":"closed","template":"full-width-page.php","meta":{"footnotes":""},"_links":{"self":[{"href":"https:\/\/www.rhs-und-pferde.at\/index.php?rest_route=\/wp\/v2\/pages\/1648"}],"collection":[{"href":"https:\/\/www.rhs-und-pferde.at\/index.php?rest_route=\/wp\/v2\/pages"}],"about":[{"href":"https:\/\/www.rhs-und-pferde.at\/index.php?rest_route=\/wp\/v2\/types\/page"}],"author":[{"embeddable":true,"href":"https:\/\/www.rhs-und-pferde.at\/index.php?rest_route=\/wp\/v2\/users\/2"}],"replies":[{"embeddable":true,"href":"https:\/\/www.rhs-und-pferde.at\/index.php?rest_route=%2Fwp%2Fv2%2Fcomments&post=1648"}],"version-history":[{"count":8,"href":"https:\/\/www.rhs-und-pferde.at\/index.php?rest_route=\/wp\/v2\/pages\/1648\/revisions"}],"predecessor-version":[{"id":1672,"href":"https:\/\/www.rhs-und-pferde.at\/index.php?rest_route=\/wp\/v2\/pages\/1648\/revisions\/1672"}],"wp:attachment":[{"href":"https:\/\/www.rhs-und-pferde.at\/index.php?rest_route=%2Fwp%2Fv2%2Fmedia&parent=1648"}],"curies":[{"name":"wp","href":"https:\/\/api.w.org\/{rel}","templated":true}]}}